{"id":221,"date":"2018-05-17T15:45:54","date_gmt":"2018-05-17T15:45:54","guid":{"rendered":"https:\/\/noben\u00e4pp.ee\/?post_type=product&#038;p=221"},"modified":"2018-05-17T16:07:57","modified_gmt":"2018-05-17T16:07:57","slug":"lilleistutuskastide-komplekt","status":"publish","type":"product","link":"https:\/\/noben\u00e4pp.ee\/?product=lilleistutuskastide-komplekt","title":{"rendered":"Lilleistutuskastide komplekt"},"content":{"rendered":"<p>Viiest moodulist koosnev lilleistuduskastide komplekt, mida on v\u00f5imalik seada erineva nurga alla. Lillekastid on varustatud automaatse kastmiss\u00fcsteemiga, mis jagab vee ise k\u00f5ikide \u00fchendatud kastide vahel \u00e4ra. Lisaks koguneb \u00fclej\u00e4\u00e4nud vesi kasti p\u00f5hja, mist\u00f5ttu ei ole vaja taimi nii tihti kasta.<\/p>\n<p>Saadaval on kolme v\u00e4rvi: valge, bee\u017e ja hall.<br \/>\nK\u00f5rgkvaliteetsest ilmastikukindlast plastist!<\/p>\n<p>&nbsp;<\/p>\n<p><iframe loading=\"lazy\" width=\"700\" height=\"394\" src=\"https:\/\/www.youtube.com\/embed\/MaQUuZB_iPs?feature=oembed\" frameborder=\"0\" allow=\"autoplay; encrypted-media\" allowfullscreen><\/iframe><\/p>\n","protected":false},"excerpt":{"rendered":"<p>Viiest moodulist koosnev lilleistuduskastide komplekt, mida on v\u00f5imalik seada erineva nurga alla. Lillekastid on varustatud automaatse kastmiss\u00fcsteemiga, mis jagab vee ise k\u00f5ikide \u00fchendatud kastide vahel \u00e4ra. Lisaks koguneb \u00fclej\u00e4\u00e4nud vesi kasti p\u00f5hja, mist\u00f5ttu ei ole vaja taimi nii tihti kasta. Saadaval on kolme v\u00e4rvi: valge, bee\u017e ja hall. K\u00f5rgkvaliteetsest ilmastikukindlast plastist! &nbsp;<\/p>\n","protected":false},"featured_media":222,"template":"","meta":[],"product_brand":[],"product_cat":[21],"product_tag":[],"class_list":{"0":"post-221","1":"product","2":"type-product","3":"status-publish","4":"has-post-thumbnail","6":"product_cat-maaramata","8":"first","9":"instock","10":"shipping-taxable","11":"purchasable","12":"product-type-variable"},"_links":{"self":[{"href":"https:\/\/noben\u00e4pp.ee\/index.php?rest_route=\/wp\/v2\/product\/221","targetHints":{"allow":["GET"]}}],"collection":[{"href":"https:\/\/noben\u00e4pp.ee\/index.php?rest_route=\/wp\/v2\/product"}],"about":[{"href":"https:\/\/noben\u00e4pp.ee\/index.php?rest_route=\/wp\/v2\/types\/product"}],"wp:featuredmedia":[{"embeddable":true,"href":"https:\/\/noben\u00e4pp.ee\/index.php?rest_route=\/wp\/v2\/media\/222"}],"wp:attachment":[{"href":"https:\/\/noben\u00e4pp.ee\/index.php?rest_route=%2Fwp%2Fv2%2Fmedia&parent=221"}],"wp:term":[{"taxonomy":"product_brand","embeddable":true,"href":"https:\/\/noben\u00e4pp.ee\/index.php?rest_route=%2Fwp%2Fv2%2Fproduct_brand&post=221"},{"taxonomy":"product_cat","embeddable":true,"href":"https:\/\/noben\u00e4pp.ee\/index.php?rest_route=%2Fwp%2Fv2%2Fproduct_cat&post=221"},{"taxonomy":"product_tag","embeddable":true,"href":"https:\/\/noben\u00e4pp.ee\/index.php?rest_route=%2Fwp%2Fv2%2Fproduct_tag&post=221"}],"curies":[{"name":"wp","href":"https:\/\/api.w.org\/{rel}","templated":true}]}}